{"id":5732,"date":"2021-04-14T14:11:48","date_gmt":"2021-04-14T12:11:48","guid":{"rendered":"http:\/\/tajmac-de.com\/politique-de-confidentialite\/"},"modified":"2021-04-14T14:11:50","modified_gmt":"2021-04-14T12:11:50","slug":"politique-de-confidentialite","status":"publish","type":"page","link":"http:\/\/www.tajmac-de.com\/en\/politique-de-confidentialite\/","title":{"rendered":"Politique de confidentialit\u00e9"},"content":{"rendered":"\t\t<div data-elementor-type=\"wp-page\" data-elementor-id=\"5732\" class=\"elementor elementor-5732 elementor-3\">\n\t\t\t\t\t\t<div class=\"elementor-inner\">\n\t\t\t\t<div class=\"elementor-section-wrap\">\n\t\t\t\t\t\t\t\t\t<section class=\"elementor-section elementor-top-section elementor-element elementor-element-aa5e585 elementor-section-height-min-height elementor-section-boxed elementor-section-height-default elementor-section-items-middle\" data-id=\"aa5e585\" data-element_type=\"section\" data-settings=\"{&quot;background_background&quot;:&quot;classic&quot;}\">\n\t\t\t\t\t\t\t<div class=\"elementor-background-overlay\"><\/div>\n\t\t\t\t\t\t\t<div class=\"elementor-container elementor-column-gap-default\">\n\t\t\t\t\t\t\t<div class=\"elementor-row\">\n\t\t\t\t\t<div class=\"elementor-column elementor-col-100 elementor-top-column elementor-element elementor-element-d22a188\" data-id=\"d22a188\" data-element_type=\"column\">\n\t\t\t<div class=\"elementor-column-wrap elementor-element-populated\">\n\t\t\t\t\t\t\t<div class=\"elementor-widget-wrap\">\n\t\t\t\t\t\t<div class=\"elementor-element elementor-element-577206c elementor-widget elementor-widget-heading\" data-id=\"577206c\" data-element_type=\"widget\" data-widget_type=\"heading.default\">\n\t\t\t\t<div class=\"elementor-widget-container\">\n\t\t\t<h1 class=\"elementor-heading-title elementor-size-large\">Mentions l\u00e9gales<\/h1>\t\t<\/div>\n\t\t\t\t<\/div>\n\t\t\t\t<div class=\"elementor-element elementor-element-cd5bc9c elementor-widget-divider--view-line elementor-widget elementor-widget-divider\" data-id=\"cd5bc9c\" data-element_type=\"widget\" data-widget_type=\"divider.default\">\n\t\t\t\t<div class=\"elementor-widget-container\">\n\t\t\t\t\t<div class=\"elementor-divider\">\n\t\t\t<span class=\"elementor-divider-separator\">\n\t\t\t\t\t\t<\/span>\n\t\t<\/div>\n\t\t\t\t<\/div>\n\t\t\t\t<\/div>\n\t\t\t\t\t\t<\/div>\n\t\t\t\t\t<\/div>\n\t\t<\/div>\n\t\t\t\t\t\t\t\t<\/div>\n\t\t\t\t\t<\/div>\n\t\t<\/section>\n\t\t\t\t<section class=\"elementor-section elementor-top-section elementor-element elementor-element-cbe5ca4 elementor-section-boxed elementor-section-height-default elementor-section-height-default\" data-id=\"cbe5ca4\" data-element_type=\"section\">\n\t\t\t\t\t\t<div class=\"elementor-container elementor-column-gap-default\">\n\t\t\t\t\t\t\t<div class=\"elementor-row\">\n\t\t\t\t\t<div class=\"elementor-column elementor-col-100 elementor-top-column elementor-element elementor-element-473de399\" data-id=\"473de399\" data-element_type=\"column\">\n\t\t\t<div class=\"elementor-column-wrap elementor-element-populated\">\n\t\t\t\t\t\t\t<div class=\"elementor-widget-wrap\">\n\t\t\t\t\t\t<div class=\"elementor-element elementor-element-34eadde elementor-widget elementor-widget-text-editor\" data-id=\"34eadde\" data-element_type=\"widget\" data-widget_type=\"text-editor.default\">\n\t\t\t\t<div class=\"elementor-widget-container\">\n\t\t\t\t\t\t\t\t<div class=\"elementor-text-editor elementor-clearfix\">\n\t\t\t\t<p>Ce site est soumis au droit fran\u00e7ais.<br \/>Ce site internet, accessible \u00e0 partir de l\u2019URL http:\/\/www.tajmac-france.com (ci-apr\u00e8s le \u201cSite internet\u201d) est \u00e9dit\u00e9 par la soci\u00e9t\u00e9 TAJMAC-FRANCE, enregistr\u00e9e au Tribunal de Grande Instance (TGI) de Annecy<\/p>\n<p>SIRET 34388553900027<\/p>\n<p>Directeur de publication: Lorenzo Tajariol, directeur de TAJMAC-FRANCE<\/p>\n<\/p>\n<p>PROTECTION DES DONN\u00c9ES PERSONNELLES<\/p>\n<p>Conform\u00e9ment \u00e0 l\u2019article 22 de la loi n \u00b0 78-17 du 6 Janvier 1978, modifi\u00e9e par la loi n \u00b0 2004-801 en date du Ao\u00fbt 6, 2004, le traitement des donn\u00e9es personnelles collect\u00e9es ou publi\u00e9es sur le site internet a \u00e9t\u00e9 notifi\u00e9 en France \u00e0 de la Commission Nationale de l\u2019Informatique et Libert\u00e9s des cours d enregistrement.<\/p>\n<\/p>\n<p>Tout utilisateur peut contacter TAJMAC FRANCE pour :<\/p>\n<p>confirmation que des donn\u00e9es \u00e0 caract\u00e8re personnel li\u00e9es \u00e0 l\u2019utilisateur est en cours de traitement par TAJMAC FRANCE ou en son nom<\/p>\n<p>informations sur les finalit\u00e9s du traitement, les cat\u00e9gories de donn\u00e9es \u00e0 caract\u00e8re personnel trait\u00e9es et aux destinataires ou cat\u00e9gories de destinataires auxquels les donn\u00e9es personnelles sont divulgu\u00e9es par TAJMAC FRANCE<\/p>\n<p>informations sur le transfert de donn\u00e9es \u00e0 caract\u00e8re personnel relatives \u00e0 l\u2019utilisateur dans un pays en dehors de la Communaut\u00e9 europ\u00e9enne<\/p>\n<p>Tout utilisateur qui prouve son identit\u00e9 a le droit de demander, le cas \u00e9ch\u00e9ant, la rectification, la mise \u00e0 jour ou la suppression des donn\u00e9es \u00e0 caract\u00e8re personnel incompl\u00e8tes, inexactes, ou p\u00e9rim\u00e9es, ou dont le traitement enregistrement serait interdit.<\/p>\n<\/p>\n<p>Les droits de chaque Utilisateur rappel\u00e9s ci-dessus peuvent \u00eatre exerc\u00e9s en envoyant un e-mail \u00e0 info@tajmac-france.com<\/p>\n<p>Le Site et chacun des \u00e9l\u00e9ments le composant (textes, articles, illustrations, logiciels, animations num\u00e9riques, logos, etc.) sont et restent la propri\u00e9t\u00e9 exclusive de TAJMAC FRANCE, \u00e0 l\u2019exception des marques de commerce appartenant \u00e0 des tiers qui peuvent \u00eatre cit\u00e9s sur le site internet.<\/p>\n<p>Les utilisateurs ne sont pas autoris\u00e9s \u00e0 reproduire, repr\u00e9senter, afficher, modifier, adapter et\/ou traduire, que ce soit tout ou partie, gratuitement ou en contrepartie financi\u00e8re, les composants de ce Site, sans le consentement de TAJMAC FRANCE<\/p>\n<p>TAJMAC FRANCE n\u2019est pas responsable pour toute information ou mat\u00e9riel reproduit sur les sites Web de tiers accessibles via un lien hypertexte figurant sur le Site ou dans les documents t\u00e9l\u00e9charg\u00e9s depuis le site.<\/p>\n\t\t\t\t\t<\/div>\n\t\t\t\t\t\t<\/div>\n\t\t\t\t<\/div>\n\t\t\t\t\t\t<\/div>\n\t\t\t\t\t<\/div>\n\t\t<\/div>\n\t\t\t\t\t\t\t\t<\/div>\n\t\t\t\t\t<\/div>\n\t\t<\/section>\n\t\t\t\t\t\t\t\t\t<\/div>\n\t\t\t<\/div>\n\t\t\t\t\t<\/div>\n\t\t","protected":false},"excerpt":{"rendered":"<p>Mentions l\u00e9gales Ce site est soumis au droit fran\u00e7ais.Ce site internet, accessible \u00e0 partir de l\u2019URL http:\/\/www.tajmac-france.com (ci-apr\u00e8s le \u201cSite internet\u201d) est \u00e9dit\u00e9 par la soci\u00e9t\u00e9 TAJMAC-FRANCE, enregistr\u00e9e au Tribunal de Grande Instance (TGI) de Annecy SIRET 34388553900027 Directeur de publication: Lorenzo Tajariol, directeur de TAJMAC-FRANCE PROTECTION DES DONN\u00c9ES PERSONNELLES Conform\u00e9ment \u00e0 l\u2019article 22 de [&hellip;]<\/p>\n","protected":false},"author":1,"featured_media":0,"parent":0,"menu_order":0,"comment_status":"closed","ping_status":"open","template":"","meta":{"footnotes":""},"class_list":["post-5732","page","type-page","status-publish","hentry"],"yoast_head":"<!-- This site is optimized with the Yoast SEO plugin v20.5 - https:\/\/yoast.com\/wordpress\/plugins\/seo\/ -->\n<title>Politique de confidentialit\u00e9 - Tajmac<\/title>\n<meta name=\"description\" content=\"Ce site est soumis au droit fran\u00e7ais.Ce site internet, accessible \u00e0 partir de l\u2019URL http:\/\/www.tajmac-france.com (ci-apr\u00e8s le \u201cSite internet\u201d) est \u00e9dit\u00e9 par la soci\u00e9t\u00e9 TAJMAC-FRANCE, enregistr\u00e9e au Tribunal de Grande Instance (TGI) de Annecy\" \/>\n<meta name=\"robots\" content=\"index, follow, max-snippet:-1, max-image-preview:large, max-video-preview:-1\" \/>\n<link rel=\"canonical\" href=\"http:\/\/www.tajmac-de.com\/en\/politique-de-confidentialite\/\" \/>\n<meta property=\"og:locale\" content=\"en_US\" \/>\n<meta property=\"og:type\" content=\"article\" \/>\n<meta property=\"og:title\" content=\"Politique de confidentialit\u00e9 - Tajmac\" \/>\n<meta property=\"og:description\" content=\"Ce site est soumis au droit fran\u00e7ais.Ce site internet, accessible \u00e0 partir de l\u2019URL http:\/\/www.tajmac-france.com (ci-apr\u00e8s le \u201cSite internet\u201d) est \u00e9dit\u00e9 par la soci\u00e9t\u00e9 TAJMAC-FRANCE, enregistr\u00e9e au Tribunal de Grande Instance (TGI) de Annecy\" \/>\n<meta property=\"og:url\" content=\"http:\/\/www.tajmac-de.com\/en\/politique-de-confidentialite\/\" \/>\n<meta property=\"og:site_name\" content=\"Tajmac\" \/>\n<meta property=\"article:publisher\" content=\"https:\/\/www.facebook.com\/TajmacFrance\/?ref=bookmarks\" \/>\n<meta property=\"article:modified_time\" content=\"2021-04-14T12:11:50+00:00\" \/>\n<meta name=\"twitter:card\" content=\"summary_large_image\" \/>\n<meta name=\"twitter:site\" content=\"@Tajmac_France\" \/>\n<meta name=\"twitter:label1\" content=\"Est. reading time\" \/>\n\t<meta name=\"twitter:data1\" content=\"2 minutes\" \/>\n<script type=\"application\/ld+json\" class=\"yoast-schema-graph\">{\"@context\":\"https:\/\/schema.org\",\"@graph\":[{\"@type\":\"WebPage\",\"@id\":\"http:\/\/www.tajmac-de.com\/en\/politique-de-confidentialite\/\",\"url\":\"http:\/\/www.tajmac-de.com\/en\/politique-de-confidentialite\/\",\"name\":\"Politique de confidentialit\u00e9 - Tajmac\",\"isPartOf\":{\"@id\":\"http:\/\/www.tajmac-de.com\/en\/#website\"},\"datePublished\":\"2021-04-14T12:11:48+00:00\",\"dateModified\":\"2021-04-14T12:11:50+00:00\",\"description\":\"Ce site est soumis au droit fran\u00e7ais.Ce site internet, accessible \u00e0 partir de l\u2019URL http:\/\/www.tajmac-france.com (ci-apr\u00e8s le \u201cSite internet\u201d) est \u00e9dit\u00e9 par la soci\u00e9t\u00e9 TAJMAC-FRANCE, enregistr\u00e9e au Tribunal de Grande Instance (TGI) de Annecy\",\"breadcrumb\":{\"@id\":\"http:\/\/www.tajmac-de.com\/en\/politique-de-confidentialite\/#breadcrumb\"},\"inLanguage\":\"en-US\",\"potentialAction\":[{\"@type\":\"ReadAction\",\"target\":[\"http:\/\/www.tajmac-de.com\/en\/politique-de-confidentialite\/\"]}]},{\"@type\":\"BreadcrumbList\",\"@id\":\"http:\/\/www.tajmac-de.com\/en\/politique-de-confidentialite\/#breadcrumb\",\"itemListElement\":[{\"@type\":\"ListItem\",\"position\":1,\"name\":\"Accueil\",\"item\":\"http:\/\/www.tajmac-de.com\/en\/\"},{\"@type\":\"ListItem\",\"position\":2,\"name\":\"Politique de confidentialit\u00e9\"}]},{\"@type\":\"WebSite\",\"@id\":\"http:\/\/www.tajmac-de.com\/en\/#website\",\"url\":\"http:\/\/www.tajmac-de.com\/en\/\",\"name\":\"Tajmac\",\"description\":\"commercialise les tours multibroches Mori-Say, Wickman, les Poup\u00e9es Mobiles Manurhin K\u2019MX et les embarreurs Cucchi-BLT\",\"publisher\":{\"@id\":\"http:\/\/www.tajmac-de.com\/en\/#organization\"},\"potentialAction\":[{\"@type\":\"SearchAction\",\"target\":{\"@type\":\"EntryPoint\",\"urlTemplate\":\"http:\/\/www.tajmac-de.com\/en\/?s={search_term_string}\"},\"query-input\":\"required name=search_term_string\"}],\"inLanguage\":\"en-US\"},{\"@type\":\"Organization\",\"@id\":\"http:\/\/www.tajmac-de.com\/en\/#organization\",\"name\":\"Tajmac\",\"url\":\"http:\/\/www.tajmac-de.com\/en\/\",\"logo\":{\"@type\":\"ImageObject\",\"inLanguage\":\"en-US\",\"@id\":\"http:\/\/www.tajmac-de.com\/en\/#\/schema\/logo\/image\/\",\"url\":\"http:\/\/www.tajmac-de.com\/wp-content\/uploads\/2020\/12\/cropped-logo_p.png\",\"contentUrl\":\"http:\/\/www.tajmac-de.com\/wp-content\/uploads\/2020\/12\/cropped-logo_p.png\",\"width\":729,\"height\":125,\"caption\":\"Tajmac\"},\"image\":{\"@id\":\"http:\/\/www.tajmac-de.com\/en\/#\/schema\/logo\/image\/\"},\"sameAs\":[\"https:\/\/www.facebook.com\/TajmacFrance\/?ref=bookmarks\",\"https:\/\/twitter.com\/Tajmac_France\"]}]}<\/script>\n<!-- \/ Yoast SEO plugin. -->","yoast_head_json":{"title":"Politique de confidentialit\u00e9 - Tajmac","description":"Ce site est soumis au droit fran\u00e7ais.Ce site internet, accessible \u00e0 partir de l\u2019URL http:\/\/www.tajmac-france.com (ci-apr\u00e8s le \u201cSite internet\u201d) est \u00e9dit\u00e9 par la soci\u00e9t\u00e9 TAJMAC-FRANCE, enregistr\u00e9e au Tribunal de Grande Instance (TGI) de Annecy","robots":{"index":"index","follow":"follow","max-snippet":"max-snippet:-1","max-image-preview":"max-image-preview:large","max-video-preview":"max-video-preview:-1"},"canonical":"http:\/\/www.tajmac-de.com\/en\/politique-de-confidentialite\/","og_locale":"en_US","og_type":"article","og_title":"Politique de confidentialit\u00e9 - Tajmac","og_description":"Ce site est soumis au droit fran\u00e7ais.Ce site internet, accessible \u00e0 partir de l\u2019URL http:\/\/www.tajmac-france.com (ci-apr\u00e8s le \u201cSite internet\u201d) est \u00e9dit\u00e9 par la soci\u00e9t\u00e9 TAJMAC-FRANCE, enregistr\u00e9e au Tribunal de Grande Instance (TGI) de Annecy","og_url":"http:\/\/www.tajmac-de.com\/en\/politique-de-confidentialite\/","og_site_name":"Tajmac","article_publisher":"https:\/\/www.facebook.com\/TajmacFrance\/?ref=bookmarks","article_modified_time":"2021-04-14T12:11:50+00:00","twitter_card":"summary_large_image","twitter_site":"@Tajmac_France","twitter_misc":{"Est. reading time":"2 minutes"},"schema":{"@context":"https:\/\/schema.org","@graph":[{"@type":"WebPage","@id":"http:\/\/www.tajmac-de.com\/en\/politique-de-confidentialite\/","url":"http:\/\/www.tajmac-de.com\/en\/politique-de-confidentialite\/","name":"Politique de confidentialit\u00e9 - Tajmac","isPartOf":{"@id":"http:\/\/www.tajmac-de.com\/en\/#website"},"datePublished":"2021-04-14T12:11:48+00:00","dateModified":"2021-04-14T12:11:50+00:00","description":"Ce site est soumis au droit fran\u00e7ais.Ce site internet, accessible \u00e0 partir de l\u2019URL http:\/\/www.tajmac-france.com (ci-apr\u00e8s le \u201cSite internet\u201d) est \u00e9dit\u00e9 par la soci\u00e9t\u00e9 TAJMAC-FRANCE, enregistr\u00e9e au Tribunal de Grande Instance (TGI) de Annecy","breadcrumb":{"@id":"http:\/\/www.tajmac-de.com\/en\/politique-de-confidentialite\/#breadcrumb"},"inLanguage":"en-US","potentialAction":[{"@type":"ReadAction","target":["http:\/\/www.tajmac-de.com\/en\/politique-de-confidentialite\/"]}]},{"@type":"BreadcrumbList","@id":"http:\/\/www.tajmac-de.com\/en\/politique-de-confidentialite\/#breadcrumb","itemListElement":[{"@type":"ListItem","position":1,"name":"Accueil","item":"http:\/\/www.tajmac-de.com\/en\/"},{"@type":"ListItem","position":2,"name":"Politique de confidentialit\u00e9"}]},{"@type":"WebSite","@id":"http:\/\/www.tajmac-de.com\/en\/#website","url":"http:\/\/www.tajmac-de.com\/en\/","name":"Tajmac","description":"commercialise les tours multibroches Mori-Say, Wickman, les Poup\u00e9es Mobiles Manurhin K\u2019MX et les embarreurs Cucchi-BLT","publisher":{"@id":"http:\/\/www.tajmac-de.com\/en\/#organization"},"potentialAction":[{"@type":"SearchAction","target":{"@type":"EntryPoint","urlTemplate":"http:\/\/www.tajmac-de.com\/en\/?s={search_term_string}"},"query-input":"required name=search_term_string"}],"inLanguage":"en-US"},{"@type":"Organization","@id":"http:\/\/www.tajmac-de.com\/en\/#organization","name":"Tajmac","url":"http:\/\/www.tajmac-de.com\/en\/","logo":{"@type":"ImageObject","inLanguage":"en-US","@id":"http:\/\/www.tajmac-de.com\/en\/#\/schema\/logo\/image\/","url":"http:\/\/www.tajmac-de.com\/wp-content\/uploads\/2020\/12\/cropped-logo_p.png","contentUrl":"http:\/\/www.tajmac-de.com\/wp-content\/uploads\/2020\/12\/cropped-logo_p.png","width":729,"height":125,"caption":"Tajmac"},"image":{"@id":"http:\/\/www.tajmac-de.com\/en\/#\/schema\/logo\/image\/"},"sameAs":["https:\/\/www.facebook.com\/TajmacFrance\/?ref=bookmarks","https:\/\/twitter.com\/Tajmac_France"]}]}},"_links":{"self":[{"href":"http:\/\/www.tajmac-de.com\/en\/wp-json\/wp\/v2\/pages\/5732","targetHints":{"allow":["GET"]}}],"collection":[{"href":"http:\/\/www.tajmac-de.com\/en\/wp-json\/wp\/v2\/pages"}],"about":[{"href":"http:\/\/www.tajmac-de.com\/en\/wp-json\/wp\/v2\/types\/page"}],"author":[{"embeddable":true,"href":"http:\/\/www.tajmac-de.com\/en\/wp-json\/wp\/v2\/users\/1"}],"replies":[{"embeddable":true,"href":"http:\/\/www.tajmac-de.com\/en\/wp-json\/wp\/v2\/comments?post=5732"}],"version-history":[{"count":3,"href":"http:\/\/www.tajmac-de.com\/en\/wp-json\/wp\/v2\/pages\/5732\/revisions"}],"predecessor-version":[{"id":5735,"href":"http:\/\/www.tajmac-de.com\/en\/wp-json\/wp\/v2\/pages\/5732\/revisions\/5735"}],"wp:attachment":[{"href":"http:\/\/www.tajmac-de.com\/en\/wp-json\/wp\/v2\/media?parent=5732"}],"curies":[{"name":"wp","href":"https:\/\/api.w.org\/{rel}","templated":true}]}}